{"id":520,"date":"2022-07-23T11:10:48","date_gmt":"2022-07-23T11:10:48","guid":{"rendered":"https:\/\/deustruckexpress.com\/?page_id=520"},"modified":"2022-07-23T12:23:37","modified_gmt":"2022-07-23T12:23:37","slug":"politica-de-privacidad","status":"publish","type":"page","link":"https:\/\/deustruckexpress.com\/index.php\/politica-de-privacidad\/","title":{"rendered":"Pol\u00edtica de privacidad"},"content":{"rendered":"\n<p><\/p>\n\n\n\n<h3 class=\"wp-block-heading\">Pol\u00edtica de privacidad<\/h3>\n\n\n\n<p>DEUSTRUCK EXPRESS informa al Usuario sobre su Pol\u00edtica de Privacidad respecto del tratamiento y protecci\u00f3n de los datos de car\u00e1cter personal de los usuarios y clientes que puedan ser recabados por la navegaci\u00f3n o contrataci\u00f3n de servicios a trav\u00e9s de https:\/\/deustruckexpress.com\/.<\/p>\n\n\n\n<p>En este sentido, DEUSTRUCK EXPRESS garantiza el cumplimiento de la normativa vigente en materia de protecci\u00f3n de datos personales, reflejada en la Ley Org\u00e1nica 15\u20441999, de 13 de diciembre, de Protecci\u00f3n de Datos de Car\u00e1cter Personal (LOPD), y al Real Decreto 1720\u20442007, de 21 de diciembre, conocido como el Reglamento de desarrollo de la LOPD. Cumple tambi\u00e9n con el Reglamento (UE) 2016\u2044679 del Parlamento Europeo y del Consejo de 27 de abril de 2016 relativo a la protecci\u00f3n de las personas f\u00edsicas (RGPD).<\/p>\n\n\n\n<p>El uso de <a href=\"https:\/\/deustruckexpress.com\/\">https:\/\/deustruckexpress.com\/<\/a> implica la aceptaci\u00f3n de esta pol\u00edtica de privacidad as\u00ed como las condiciones incluidas en el&nbsp;<a href=\"https:\/\/deustruckexpress.com\/index.php\/aviso-legal\">Aviso Legal<\/a>.<\/p>\n\n\n\n<h2 class=\"wp-block-heading\">Identidad del responsable<\/h2>\n\n\n\n<ul class=\"wp-block-list\"><li><strong>Titular:<\/strong>&nbsp;DEUSTRUCK EXPRESS<\/li><li><strong>Domicilio:<\/strong>&nbsp;&#8211; Espa\u00f1a.<\/li><\/ul>\n\n\n\n<h2 class=\"wp-block-heading\">Principios que aplicaremos a tu informaci\u00f3n personal<\/h2>\n\n\n\n<p>En el tratamiento de tus datos personales, aplicaremos los siguientes principios que se ajustan a las exigencias del nuevo reglamento europeo de protecci\u00f3n de datos:<\/p>\n\n\n\n<ul class=\"wp-block-list\"><li><strong>Principio de licitud, lealtad y transparencia:<\/strong>&nbsp;Siempre vamos a requerir tu consentimiento para el tratamiento de tus datos personales para uno o varios fines espec\u00edficos que te informaremos previamente con absoluta transparencia.<\/li><li><strong>Principio de minimizaci\u00f3n de datos:<\/strong>&nbsp;Solo vamos a solicitar datos estrictamente necesarios en relaci\u00f3n con los fines para los que los requerimos. Los m\u00ednimos posibles.<\/li><li><strong>Principio de limitaci\u00f3n del plazo de conservaci\u00f3n:<\/strong>&nbsp;Los datos ser\u00e1n mantenidos durante no m\u00e1s tiempo del necesario para los fines del tratamiento, en funci\u00f3n a la finalidad, te informaremos del plazo de conservaci\u00f3n correspondiente, en el caso de suscripciones, peri\u00f3dicamente revisaremos nuestras listas y eliminaremos aquellos registros inactivos durante un tiempo considerable.<\/li><li><strong>Principio de integridad y confidencialidad:<\/strong>&nbsp;Tus datos ser\u00e1n tratados de tal manera que se garantice una seguridad adecuada de los datos personales y se garantice confidencialidad. Debes saber que tomamos todas las precauciones necesarias para evitar el acceso no autorizado o uso indebido de los datos de nuestros usuarios por parte de terceros.<\/li><\/ul>\n\n\n\n<h2 class=\"wp-block-heading\">\u00bfC\u00f3mo hemos obtenido tus datos?<\/h2>\n\n\n\n<p>Para que puedas navegar por <a href=\"https:\/\/deustruckexpress.com\">https:\/\/deustruckexpress.com<\/a>, no es necesario que facilites ning\u00fan dato personal.<\/p>\n\n\n\n<p>Los casos en los que si me das tus datos son los siguientes:<\/p>\n\n\n\n<ul class=\"wp-block-list\"><li>Formularios de Contacto<\/li><\/ul>\n\n\n\n<h2 class=\"wp-block-heading\">\u00bfCu\u00e1les son tus derechos cuando nos facilitas tus datos?<\/h2>\n\n\n\n<p>Las personas interesadas tienen derecho a:<\/p>\n\n\n\n<ul class=\"wp-block-list\"><li>Solicitar el acceso a los datos personales relativos al interesado.<\/li><li>Solicitar su rectificaci\u00f3n o supresi\u00f3n.<\/li><li>Solicitar la limitaci\u00f3n de su tratamiento.<\/li><li>Oponerse al tratamiento.<\/li><\/ul>\n\n\n\n<p>No se puede ejercitar el derecho a la portabilidad de los datos.<\/p>\n\n\n\n<p>El ejercicio de estos derechos es personal y debe por tanto ser ejercido directamente por el interesado, solicit\u00e1ndolo directamente a DEUSTRUCK EXPRESS, lo que significa que cualquier cliente, suscriptor o colaborador que me haya facilitado sus datos en alg\u00fan momento, puede dirigirse a DEUSTRUCK EXPRESS y pedirme informaci\u00f3n sobre los datos que tengo almacenados y c\u00f3mo los he obtenido (derecho de acceso), puede solicitar la rectificaci\u00f3n de los mismos, oponerse al tratamito, que limite su uso o en su caso la cancelaci\u00f3n de esos datos en mis ficheros.<\/p>\n\n\n\n<p>Puedes enviar cualquier petici\u00f3n y ejercitar los derechos de acceso, rectificaci\u00f3n, cancelaci\u00f3n y oposici\u00f3n a trav\u00e9s de correo electr\u00f3nico a administracion@deustruckexpress.com, &#8211; Espa\u00f1a<br>junto con la prueba v\u00e1lida en derecho como una fotocopia del D.N.I. o equivalente.<\/p>\n\n\n\n<p>Los interesados tienen derecho a la tutela judicial efectiva y a presentar una reclamaci\u00f3n ante la autoridad de control, en este caso, la Agencia Espa\u00f1ola de Protecci\u00f3n de Datos, si consideran que el tratamiento de datos personales que le conciernen infringe el Reglamento.<\/p>\n\n\n\n<h2 class=\"wp-block-heading\">\u00bfCon qu\u00e9 finalidad tratamos tus datos personales?<\/h2>\n\n\n\n<p>Cuando el Usuario se conecta a <a href=\"https:\/\/deustruckexpress.com\/\">https:\/\/deustruckexpress.com<\/a> para mandar un correo al titular, suscribirse o realizar alguna contrataci\u00f3n, est\u00e1 facilitando informaci\u00f3n de car\u00e1cter personal de la que es responsable DEUSTRUCK EXPRESS. Esa informaci\u00f3n puede incluir datos de car\u00e1cter personal como pueden ser tu direcci\u00f3n IP, nombre, direcci\u00f3n f\u00edsica, direcci\u00f3n de correo electr\u00f3nico, n\u00famero de tel\u00e9fono, y otra informaci\u00f3n. Al facilitar esta informaci\u00f3n, el Usuario da su consentimiento para que su informaci\u00f3n sea recopilada, utilizada, gestionada y almacenada por DEUSTRUCK EXPRESS, s\u00f3lo como se describe en el&nbsp;<a href=\"https:\/\/deustruckexpress.com\/index.php\/aviso-legal\/\">Aviso Legal<\/a>&nbsp;y en la presente&nbsp;Pol\u00edtica de Privacidad.<\/p>\n\n\n\n<p>En <a href=\"https:\/\/deustruckexpress.com\/\">https:\/\/deustruckexpress.com<\/a> existen diferentes sistemas de captura de informaci\u00f3n personal y tratamos la informaci\u00f3n que nos facilitan las personas interesadas con el siguiente fin por cada sistema de captura:<\/p>\n\n\n\n<ul class=\"wp-block-list\"><li>Cookies<\/li><li>Formularios de contacto<\/li><\/ul>\n\n\n\n<p>Existen otras finalidades por la que tratamos tus datos personales:<\/p>\n\n\n\n<ul class=\"wp-block-list\"><li>Para garantizar el cumplimiento de las condiciones de uso y la ley aplicable. Esto puede incluir el desarrollo de herramientas y algoritmos que ayudan a esta web a garantizar la confidencialidad de los datos personales que recoge.<\/li><li>Para apoyar y mejorar los servicios que ofrece esta web.<\/li><li>Tambi\u00e9n se recogen otros datos no identificativos que se obtienen mediante algunas cookies que se descargan en el ordenador del Usuario cuando navega en esta web, y que detallamos en la pol\u00edtica de cookies.<\/li><\/ul>\n\n\n\n<h2 class=\"wp-block-heading\">C\u00f3mo protegemos tus datos<\/h2>\n\n\n\n<p>Tus datos podr\u00e1n ser incorporados a un fichero de lista de correo, del cual soy responsable de su gesti\u00f3n y tratamiento. La seguridad de tus datos est\u00e1 garantizada, ya que tomo todas las medidas de seguridad necesarias para ello. Solo usar\u00e9 dichos datos para la finalidad que me los has dado.<\/p>\n\n\n\n<p>Para proteger tu informaci\u00f3n personal, tomamos precauciones razonables y seguimos las mejores pr\u00e1cticas de la industria para asegurarnos de que no haya p\u00e9rdida de manera inapropiada, mal uso, acceso, divulgaci\u00f3n, alteraci\u00f3n o destrucci\u00f3n de la misma.<\/p>\n\n\n\n<p>DEUSTRUCK EXPRESS informa al Usuario de que sus datos personales no ser\u00e1n cedidos a terceras organizaciones, con la salvedad de que dicha cesi\u00f3n de datos este amparada en una obligaci\u00f3n legal o cuando la prestaci\u00f3n de un servicio implique la necesidad de una relaci\u00f3n contractual con un encargado de tratamiento. En este \u00faltimo caso, solo se llevar\u00e1 a cabo la cesi\u00f3n de datos al tercero cuando DEUSTRUCK EXPRESS disponga del consentimiento expreso del Usuario.<\/p>\n\n\n\n<p>Sin embargo, en algunos casos se pueden realizar colaboraciones con otros profesionales, en esos casos, se requerir\u00e1 consentimiento al Usuario informando sobre la identidad del colaborador y la finalidad de la colaboraci\u00f3n. Siempre se realizar\u00e1 con los m\u00e1s estrictos est\u00e1ndares de seguridad.<\/p>\n\n\n\n<h2 class=\"wp-block-heading\">Contenido de otros sitios web<\/h2>\n\n\n\n<p>Los art\u00edculos de este sitio pueden incluir contenido incrustado (por ejemplo, v\u00eddeos, im\u00e1genes, art\u00edculos, etc.). El contenido incrustado de otras web se comporta exactamente de la misma manera que si el visitante hubiera visitado la otra web.<\/p>\n\n\n\n<p>Estas web pueden recopilar datos sobre ti, utilizar cookies, incrustar un seguimiento adicional de terceros, y supervisar tu interacci\u00f3n con ese contenido incrustado, incluido el seguimiento de su interacci\u00f3n con el contenido incrustado si tienes una cuenta y est\u00e1s conectado a esa web.<\/p>\n\n\n\n<h2 class=\"wp-block-heading\">Cookies<\/h2>\n\n\n\n<p>Te informo que para que<a href=\"https:\/\/deustruckexpress.com\"> <a href=\"https:\/\/deustruckexpress.com\/\">https:\/\/deustruckexpress.com<\/a><\/a> funcione correctamente necesita utilizar cookies, que es informaci\u00f3n que se almacena en tu navegador para facilitar la navegaci\u00f3n.<\/p>\n\n\n\n<p>Puede consultar aqu\u00ed&nbsp;<a href=\"https:\/\/deustruckexpress.com\/index.php\/politica-de-cookies\/\">la pol\u00edtica de cookies<\/a>.<\/p>\n\n\n\n<h2 class=\"wp-block-heading\">Legitimaci\u00f3n para el tratamiento de tus datos<\/h2>\n\n\n\n<p>La base legal para el tratamiento de sus datos es: el consentimiento.<\/p>\n\n\n\n<p>Para contactar o realizar comentarios en esta web se requiere la aceptaci\u00f3n de esta pol\u00edtica de privacidad.<\/p>\n\n\n\n<h2 class=\"wp-block-heading\">Categor\u00eda de datos<\/h2>\n\n\n\n<ul class=\"wp-block-list\"><li>Las categor\u00edas de datos que se tratan son datos identificativos.<\/li><li>No se tratan categor\u00edas de datos especialmente protegidos.<\/li><\/ul>\n\n\n\n<h2 class=\"wp-block-heading\">\u00bfPor cu\u00e1nto tiempo conservaremos tus datos?<\/h2>\n\n\n\n<p>Los datos personales proporcionados se conservar\u00e1n hasta que se solicite su supresi\u00f3n por el interesado.<\/p>\n\n\n\n<h2 class=\"wp-block-heading\">\u00bfA qu\u00e9 destinatarios se comunicar\u00e1n tus datos?<\/h2>\n\n\n\n<ul class=\"wp-block-list\"><li>DEUSTRUCK EXPRESS<\/li><\/ul>\n\n\n\n<h2 class=\"wp-block-heading\">Navegaci\u00f3n Web<\/h2>\n\n\n\n<p>Al navegar por&nbsp;<a href=\"https:\/\/deustruckexpress.com\/\">https:\/\/deustruckexpress.com\/<\/a>&nbsp;se pueden recoger datos no identificables, que pueden incluir, direcciones IP, ubicaci\u00f3n geogr\u00e1fica (aproximadamente), un registro de c\u00f3mo se utilizan los servicios y sitios, y otros datos que no pueden ser utilizados para identificar al Usuario. Entre los datos no identificativos est\u00e1n tambi\u00e9n los relacionados a tus h\u00e1bitos de navegaci\u00f3n a trav\u00e9s de servicios de terceros.<\/p>\n\n\n\n<p>Utilizamos esta informaci\u00f3n para analizar tendencias, administrar el sitio, rastrear los movimientos de los usuarios alrededor del sitio y para recopilar informaci\u00f3n demogr\u00e1fica sobre nuestra base de usuarios en su conjunto.<\/p>\n\n\n\n<h2 class=\"wp-block-heading\">Exactitud y veracidad de los datos<\/h2>\n\n\n\n<p>Como Usuario, eres el \u00fanico responsable de la veracidad y correcci\u00f3n de los datos que remitas a DEUSTRUCK EXPRESS exonerando a DEUSTRUCK EXPRESS, de cualquier responsabilidad al respecto.<\/p>\n\n\n\n<p>El Usuario garantiza y responde, en cualquier caso, de la exactitud, vigencia y autenticidad de los datos personales facilitados, y se comprometen a mantenerlos debidamente actualizados. El Usuario acepta proporcionar informaci\u00f3n completa y correcta en el formulario de contacto o suscripci\u00f3n.<\/p>\n\n\n\n<h2 class=\"wp-block-heading\">Aceptaci\u00f3n y consentimiento<\/h2>\n\n\n\n<p>El Usuario declara haber sido informado de las condiciones sobre protecci\u00f3n de datos de car\u00e1cter personal, aceptando y consintiendo el tratamiento de los mismos por parte de DEUSTRUCK EXPRESS en la forma y para las finalidades indicadas en esta pol\u00edtica de privacidad.<\/p>\n\n\n\n<h2 class=\"wp-block-heading\">Revocabilidad<\/h2>\n\n\n\n<p>En todo momento, el Usuario que quiera acceder a sus datos, rectificarlos o cancelarlos me pueden mandar un email a y les explicar\u00e9 como ejercer sus derechos de oposici\u00f3n, acceso e informaci\u00f3n, rectificaci\u00f3n, cancelaci\u00f3n de sus datos y revocaci\u00f3n de su autorizaci\u00f3n.<\/p>\n\n\n\n<p>Esto no incluye ning\u00fan dato que estemos obligados a conservar con fines administrativos, legales o de seguridad.<\/p>\n\n\n\n<h2 class=\"wp-block-heading\">Cambios en la pol\u00edtica de privacidad<\/h2>\n\n\n\n<p>DEUSTRUCK EXPRESS se reserva el derecho a modificar la presente pol\u00edtica para adaptarla a novedades legislativas o jurisprudenciales, as\u00ed como a pr\u00e1cticas de la industria.<\/p>\n\n\n\n<p>Estas pol\u00edticas estar\u00e1n vigentes hasta que sean modificadas por otras debidamente publicadas.<\/p>\n","protected":false},"excerpt":{"rendered":"<p>Pol\u00edtica de privacidad DEUSTRUCK EXPRESS informa al Usuario sobre su Pol\u00edtica de Privacidad respecto del tratamiento y protecci\u00f3n de los datos de car\u00e1cter personal de los usuarios y clientes que puedan ser recabados por la navegaci\u00f3n o contrataci\u00f3n de servicios a trav\u00e9s de https:\/\/deustruckexpress.com\/. En este sentido, DEUSTRUCK EXPRESS garantiza el cumplimiento de la normativa&hellip;&nbsp;<a href=\"https:\/\/deustruckexpress.com\/index.php\/politica-de-privacidad\/\" class=\"\" rel=\"bookmark\">Leer m\u00e1s &raquo;<span class=\"screen-reader-text\">Pol\u00edtica de privacidad<\/span><\/a><\/p>\n","protected":false},"author":1,"featured_media":0,"parent":0,"menu_order":0,"comment_status":"closed","ping_status":"closed","template":"","meta":{"neve_meta_sidebar":"full-width","neve_meta_container":"","neve_meta_enable_content_width":"on","neve_meta_content_width":100,"neve_meta_title_alignment":"","neve_meta_author_avatar":"","neve_post_elements_order":"","neve_meta_disable_header":"","neve_meta_disable_footer":"","neve_meta_disable_title":"","footnotes":""},"class_list":["post-520","page","type-page","status-publish","hentry"],"_links":{"self":[{"href":"https:\/\/deustruckexpress.com\/index.php\/wp-json\/wp\/v2\/pages\/520","targetHints":{"allow":["GET"]}}],"collection":[{"href":"https:\/\/deustruckexpress.com\/index.php\/wp-json\/wp\/v2\/pages"}],"about":[{"href":"https:\/\/deustruckexpress.com\/index.php\/wp-json\/wp\/v2\/types\/page"}],"author":[{"embeddable":true,"href":"https:\/\/deustruckexpress.com\/index.php\/wp-json\/wp\/v2\/users\/1"}],"replies":[{"embeddable":true,"href":"https:\/\/deustruckexpress.com\/index.php\/wp-json\/wp\/v2\/comments?post=520"}],"version-history":[{"count":6,"href":"https:\/\/deustruckexpress.com\/index.php\/wp-json\/wp\/v2\/pages\/520\/revisions"}],"predecessor-version":[{"id":538,"href":"https:\/\/deustruckexpress.com\/index.php\/wp-json\/wp\/v2\/pages\/520\/revisions\/538"}],"wp:attachment":[{"href":"https:\/\/deustruckexpress.com\/index.php\/wp-json\/wp\/v2\/media?parent=520"}],"curies":[{"name":"wp","href":"https:\/\/api.w.org\/{rel}","templated":true}]}}