{"id":524,"date":"2022-07-23T11:21:06","date_gmt":"2022-07-23T11:21:06","guid":{"rendered":"https:\/\/deustruckexpress.com\/?page_id=524"},"modified":"2022-07-23T12:19:39","modified_gmt":"2022-07-23T12:19:39","slug":"aviso-legal","status":"publish","type":"page","link":"https:\/\/deustruckexpress.com\/index.php\/aviso-legal\/","title":{"rendered":"Aviso Legal"},"content":{"rendered":"\n<h2 class=\"wp-block-heading\">Identificaci\u00f3n y Titularidad<\/h2>\n\n\n\n<p>En cumplimiento del art\u00edculo 10 de la Ley 34\/2002, de 11 de julio, de Servicios de la Sociedad de la Informaci\u00f3n y Comercio Electr\u00f3nico, a continuaci\u00f3n se exponen los datos identificativos del titular.<\/p>\n\n\n\n<ul class=\"wp-block-list\"><li><strong>Titular:<\/strong>\u00a0DEUSTRUCK EXPRESS<\/li><li><strong>Domicilio:<\/strong>\u00a0&#8211; Espa\u00f1a.<\/li><\/ul>\n\n\n\n<h2 class=\"wp-block-heading\">Condiciones de Uso<\/h2>\n\n\n\n<p>La utilizaci\u00f3n de\u00a0https:\/\/deustruckexpress.com\/ otorga la condici\u00f3n de Usuario de la p\u00e1gina web, e implica la aceptaci\u00f3n completa de todas las cl\u00e1usulas y condiciones incluidas en:<\/p>\n\n\n\n<ul class=\"wp-block-list\"><li><a href=\"https:\/\/deustruckexpress.com\/index.php\/aviso-legal\/\">Aviso Legal<\/a><\/li><li><a href=\"https:\/\/deustruckexpress.com\/index.php\/politica-de-privacidad\/\">Pol\u00edtica de Privacidad<\/a><\/li><li><a href=\"https:\/\/deustruckexpress.com\/index.php\/politica-de-cookies\/\">Pol\u00edtica de Cookies<\/a><\/li><\/ul>\n\n\n\n<p>Si el Usuario no est\u00e1 conforme con estas cl\u00e1usulas y condiciones de uso de este\u00a0<a href=\"https:\/\/deustruckexpress.com\/index.php\/aviso-legal\/\">Aviso Legal<\/a>, se abstendr\u00e1 de utilizar el sitio <a href=\"https:\/\/deustruckexpress.com\/\">https:\/\/deustruckexpress.com\/<\/a>.<\/p>\n\n\n\n<p>El Usuario queda informado, y acepta, que el acceso a <a href=\"https:\/\/deustruckexpress.com\/\">https:\/\/deustruckexpress.com\/<\/a> no supone, en modo alguno, el inicio de una relaci\u00f3n comercial con DEUSTRUCK EXPRESS.<\/p>\n\n\n\n<p>A trav\u00e9s de \u00abhttps:\/\/deustruckexpress.com\/\u00bb  DEUSTRUK EXPRESS facilita al Usuario el acceso y la utilizaci\u00f3n de diversos contenidos publicados por medio de Internet.<\/p>\n\n\n\n<p>A tal efecto, el Usuario se obliga y se compromete a NO utilizar cualquiera de los contenidos con fines o efectos il\u00edcitos, prohibidos en el Aviso Legal o por la legislaci\u00f3n vigente, lesivos de los derechos e intereses de terceros, o que de cualquier forma puedan da\u00f1ar, inutilizar, sobrecargar, deteriorar o impedir la normal utilizaci\u00f3n de los Contenidos, los equipos inform\u00e1ticos o los documentos, archivos y toda clase de contenidos almacenados en cualquier equipo inform\u00e1tico propios o contratados por DEUSTRUCK EXPRESS, de otros usuarios o de cualquier usuario de Internet.<\/p>\n\n\n\n<h2 class=\"wp-block-heading\">Medidas de seguridad<\/h2>\n\n\n\n<p>Los datos personales comunicados por el Usuario a DEUSTRUCK EXPRESS pueden ser almacenados en bases de datos automatizadas o no, cuya titularidad corresponde en exclusiva a DEUSTRUCK EXPRESS, asumiendo \u00e9sta todas las medidas de \u00edndole t\u00e9cnica, organizativa y de seguridad que garantizan la confidencialidad, integridad y calidad de la informaci\u00f3n contenida en las mismas de acuerdo con lo establecido en la normativa vigente en protecci\u00f3n de datos.<\/p>\n\n\n\n<p>No obstante, el Usuario debe ser consciente de que las medidas de seguridad de los sistemas inform\u00e1ticos en Internet no son enteramente fiables y que, por tanto DEUSTRUCK EXPRESS no puede garantizar la inexistencia de virus u otros elementos que puedan producir alteraciones en los sistemas inform\u00e1ticos (software y hardware) del Usuario o en sus documentos electr\u00f3nicos y ficheros contenidos en los mismos aunque se ponen todos los medios necesarios y las medidas de seguridad oportunas para evitar la presencia de estos elementos da\u00f1inos.<\/p>\n\n\n\n<h2 class=\"wp-block-heading\">Datos personales que recabamos y c\u00f3mo lo hacemos<\/h2>\n\n\n\n<p>Puedes consultar toda la informaci\u00f3n relativa a los datos personales que recogemos en la p\u00e1gina de\u00a0<a href=\"https:\/\/deustruckexpress.com\/index.php\/politica-de-privacidad\/\">Pol\u00edtica de Privacidad<\/a>.<\/p>\n\n\n\n<h2 class=\"wp-block-heading\">Contenidos<\/h2>\n\n\n\n<p>DEUSTRUCK EXPRESS ha obtenido la informaci\u00f3n y los materiales incluidos en internet de fuentes que considera fiables, pero, si bien se han tomado medidas razonables para asegurarse de que la informaci\u00f3n contenida es correcta, DEUSTRUCK EXPRESS no garantiza que sea exacta, completa, o actualizada. DEUSTRUCK EXPRESS declina expresamente cualquier responsabilidad por error u omisi\u00f3n en la informaci\u00f3n contenida en las p\u00e1ginas de <a href=\"https:\/\/deustruckexpress.com\/\">https:\/\/deustruckexpress.com\/<\/a>.<\/p>\n\n\n\n<p>Queda prohibido transmitir o enviar a trav\u00e9s de la Web cualquier contenido ilegal o il\u00edcito, virus inform\u00e1ticos, o mensajes que, en general, afecten o violen derechos de\u00a0DEUSTRUCK EXPRESS o de terceros.<\/p>\n\n\n\n<p>Los contenidos de https:\/\/deustruckexpress.com\/ tienen \u00fanicamente finalidad informativa y bajo ninguna circunstancia deben usarse ni considerarse como oferta de venta, solicitud de una oferta de compra ni recomendaci\u00f3n para realizar cualquier otra operaci\u00f3n, salvo que as\u00ed se indique expresamente.<\/p>\n\n\n\n<p>DEUSTRUCK EXPRESS se reserva el derecho a modificar, suspender, cancelar o restringir el contenido de https:\/\/deustruckexpress.com\/, los v\u00ednculos o la informaci\u00f3n obtenida a trav\u00e9s de ella, sin necesidad de previo aviso.<\/p>\n\n\n\n<p>DEUSTRUCK EXPRESS\u00a0no es responsable de los datos y perjuicios que pudieran derivarse de la utilizaci\u00f3n de los documentos por el Usuario.<\/p>\n\n\n\n<h2 class=\"wp-block-heading\">Pol\u00edtica de cookies<\/h2>\n\n\n\n<p>Puede consultar aqu\u00ed\u00a0<a href=\"https:\/\/deustruckexpress.com\/index.php\/politica-de-cookies\/\">la pol\u00edtica de cookies<\/a>.<\/p>\n\n\n\n<h2 class=\"wp-block-heading\">Enlaces de acceso a otros sitios web<\/h2>\n\n\n\n<p>DEUSTRUCK EXPRESS proporciona al Usuario el acceso a otros sitios Web de terceros mediante enlaces con la finalidad exclusiva de informarle sobre la existencia de otras fuentes de informaci\u00f3n en Internet con las que podr\u00e1 ampliar los datos que se le ofrecen en  https:\/\/deustruckexpress.com\/<\/p>\n\n\n\n<p>Estos enlaces a otros sitios web no suponen en ning\u00fan caso una sugerencia o recomendaci\u00f3n de visitar las p\u00e1ginas web de destino, que est\u00e1n fuera del control de DEUSTRUCK EXPRESS, por lo que DEUSTRUCK EXPRESS no es responsable del contenido de los sitios web vinculados ni del resultado obtenido por el Usuario al seguir los enlaces.<\/p>\n\n\n\n<p>Asimismo, DEUSTRUCK EXPRESS no responde de los links o enlaces ubicados en los sitios vinculados a los que proporciona acceso.<\/p>\n\n\n\n<p>El establecimiento del enlace no implica en ning\u00fan caso la existencia de relaciones entre DEUSTRUCK EXPRESS y el propietario del sitio en el que se establezca el enlace, ni la aceptaci\u00f3n o aprobaci\u00f3n por parte de DEUSTRUCK EXPRESS de sus contenidos o servicios.<\/p>\n\n\n\n<p>Si accedes a un sitio externo desde un enlace que encuentres en https:\/\/deustruckexpress.com\/ deber\u00e1s leer la propia pol\u00edtica de privacidad del otro sitio, que puede cambiar de la de https:\/\/deustruckexpress.com\/.<\/p>\n\n\n\n<h2 class=\"wp-block-heading\">Propiedad intelectual e industrial<\/h2>\n\n\n\n<p>Todos los derechos est\u00e1n reservados. Todo acceso a https:\/\/deustruckexpress.com\/ est\u00e1 sujeto a las siguientes condiciones: la reproducci\u00f3n, almacenaje permanente y la difusi\u00f3n de los contenidos o cualquier otro uso que tenga finalidad p\u00fablica o comercial queda expresamente prohibida sin el consentimiento previo expreso y por escrito de DEUSTRUCK EXPRESS.<\/p>\n\n\n\n<h2 class=\"wp-block-heading\">Limitaci\u00f3n de responsabilidad<\/h2>\n\n\n\n<p>La informaci\u00f3n y servicios incluidos o disponibles a trav\u00e9s del sitiohttps:\/\/deustruckexpress.com\/ pueden incluir incorrecciones o errores tipogr\u00e1ficos. De forma peri\u00f3dica se incorporan cambios a la informaci\u00f3n contenida. DEUSTRUCK EXPRESS puede introducir en cualquier momento mejoras y\/o cambios en los servicios o contenidos.<\/p>\n\n\n\n<p>DEUSTRUCK EXPRESS declina cualquier responsabilidad en caso de que existan interrupciones o un mal funcionamiento de los servicios o contenidos ofrecidos en Internet, cualquiera que sea su causa. Asimismo, DEUSTRUCK EXPRESS no se hace responsable por ca\u00eddas de la red, p\u00e9rdidas de negocio a consecuencia de dichas ca\u00eddas, suspensiones temporales de fluido el\u00e9ctrico o cualquier otro tipo de da\u00f1o indirecto que le pueda ser causado al Usuario por causas ajenas a DEUSTRUCK EXPRESS.<\/p>\n\n\n\n<p>DEUSTRUCK EXPRESS no declara ni garantiza que los servicios o contenidos sean interrumpidos o que est\u00e9n libres de errores, que los defectos sean corregidos, o que el servicio o el servidor que lo pone a disposici\u00f3n est\u00e9n libres de virus u otros componentes nocivos sin perjuicio de que DEUSTRUCK EXPRESS realiza sus mejores esfuerzos en evitar este tipo de incidentes. En caso de que el Usuario tomara determinadas decisiones o realizara acciones con base a la informaci\u00f3n incluida en cualquiera de los sitios Web, se recomienda la comprobaci\u00f3n de la informaci\u00f3n recibida con otras fuentes.<\/p>\n\n\n\n<h2 class=\"wp-block-heading\">Juridiscci\u00f3n<\/h2>\n\n\n\n<p>Este Aviso Legal se rige integramente por la legislaci\u00f3n espa\u00f1ola.<\/p>\n","protected":false},"excerpt":{"rendered":"<p>Identificaci\u00f3n y Titularidad En cumplimiento del art\u00edculo 10 de la Ley 34\/2002, de 11 de julio, de Servicios de la Sociedad de la Informaci\u00f3n y Comercio Electr\u00f3nico, a continuaci\u00f3n se exponen los datos identificativos del titular. Titular:\u00a0DEUSTRUCK EXPRESS Domicilio:\u00a0&#8211; Espa\u00f1a. Condiciones de Uso La utilizaci\u00f3n de\u00a0https:\/\/deustruckexpress.com\/ otorga la condici\u00f3n de Usuario de la p\u00e1gina web,&hellip;&nbsp;<a href=\"https:\/\/deustruckexpress.com\/index.php\/aviso-legal\/\" class=\"\" rel=\"bookmark\">Leer m\u00e1s &raquo;<span class=\"screen-reader-text\">Aviso Legal<\/span><\/a><\/p>\n","protected":false},"author":1,"featured_media":0,"parent":0,"menu_order":0,"comment_status":"closed","ping_status":"closed","template":"","meta":{"neve_meta_sidebar":"full-width","neve_meta_container":"","neve_meta_enable_content_width":"on","neve_meta_content_width":100,"neve_meta_title_alignment":"","neve_meta_author_avatar":"","neve_post_elements_order":"","neve_meta_disable_header":"","neve_meta_disable_footer":"","neve_meta_disable_title":"","footnotes":""},"class_list":["post-524","page","type-page","status-publish","hentry"],"_links":{"self":[{"href":"https:\/\/deustruckexpress.com\/index.php\/wp-json\/wp\/v2\/pages\/524","targetHints":{"allow":["GET"]}}],"collection":[{"href":"https:\/\/deustruckexpress.com\/index.php\/wp-json\/wp\/v2\/pages"}],"about":[{"href":"https:\/\/deustruckexpress.com\/index.php\/wp-json\/wp\/v2\/types\/page"}],"author":[{"embeddable":true,"href":"https:\/\/deustruckexpress.com\/index.php\/wp-json\/wp\/v2\/users\/1"}],"replies":[{"embeddable":true,"href":"https:\/\/deustruckexpress.com\/index.php\/wp-json\/wp\/v2\/comments?post=524"}],"version-history":[{"count":2,"href":"https:\/\/deustruckexpress.com\/index.php\/wp-json\/wp\/v2\/pages\/524\/revisions"}],"predecessor-version":[{"id":535,"href":"https:\/\/deustruckexpress.com\/index.php\/wp-json\/wp\/v2\/pages\/524\/revisions\/535"}],"wp:attachment":[{"href":"https:\/\/deustruckexpress.com\/index.php\/wp-json\/wp\/v2\/media?parent=524"}],"curies":[{"name":"wp","href":"https:\/\/api.w.org\/{rel}","templated":true}]}}